{"id":3488,"date":"2022-05-23T09:11:01","date_gmt":"2022-05-23T06:11:01","guid":{"rendered":"http:\/\/www.autocamper.ee\/?page_id=3488"},"modified":"2025-03-25T13:11:18","modified_gmt":"2025-03-25T11:11:18","slug":"matkaautod","status":"publish","type":"page","link":"https:\/\/www.autocamper.ee\/en\/matkaautod\/","title":{"rendered":"Vans"},"content":{"rendered":"<style>#kt-layout-id_0c5b34-af > .kt-row-column-wrap{align-content:start;}:where(#kt-layout-id_0c5b34-af > .kt-row-column-wrap) > .wp-block-kadence-column{justify-content:start;}#kt-layout-id_0c5b34-af > .kt-row-column-wrap{column-gap:var(--global-kb-gap-md, 2rem);row-gap:var(--global-kb-gap-md, 2rem);max-width:1200px;margin-left:auto;margin-right:auto;padding-top:var( --global-kb-row-default-top, 25px );padding-bottom:var( --global-kb-row-default-bottom, 25px );padding-top:58px;padding-bottom:1px;padding-left:25px;padding-right:25px;grid-template-columns:minmax(0, calc(85% - ((var(--global-kb-gap-md, 2rem) * 1 )\/2)))minmax(0, calc(15% - ((var(--global-kb-gap-md, 2rem) * 1 )\/2)));}#kt-layout-id_0c5b34-af > .kt-row-layout-overlay{opacity:1;background-image:linear-gradient(100deg, var(--global-palette9, #ffffff) 55%, rgba(255, 255, 255, 0) 36%);}#kt-layout-id_0c5b34-af .kt-row-layout-bottom-sep{height:100px;}#kt-layout-id_0c5b34-af .kt-row-layout-bottom-sep svg{width:100%;}#kt-layout-id_0c5b34-af .kt-row-layout-bottom-sep svg{fill:#ffffff!important;}@media all and (max-width: 1024px){#kt-layout-id_0c5b34-af > .kt-row-column-wrap{grid-template-columns:repeat(2, minmax(0, 1fr));}}@media all and (max-width: 1024px){#kt-layout-id_0c5b34-af .kt-row-layout-bottom-sep{height:px;}}@media all and (max-width: 1024px){#kt-layout-id_0c5b34-af .kt-row-layout-bottom-sep svg{width:%;}}@media all and (max-width: 767px){#kt-layout-id_0c5b34-af > .kt-row-column-wrap{padding-top:11px;padding-bottom:140px;grid-template-columns:minmax(0, 1fr);}#kt-layout-id_0c5b34-af{background-image:none !important;display:none !important;}#kt-layout-id_0c5b34-af [id*=\"jarallax-container-\"]{display:none !important;}#kt-layout-id_0c5b34-af > .kt-row-layout-overlay{opacity:0.90;background:var(--global-palette9, #ffffff);}#kt-layout-id_0c5b34-af .kt-row-layout-bottom-sep{height:px;}#kt-layout-id_0c5b34-af .kt-row-layout-bottom-sep svg{width:%;}}<\/style>\n<div class=\"wp-block-kadence-rowlayout alignnone kvs-sm-false\"><div id=\"kt-layout-id_0c5b34-af\" class=\"kt-row-layout-inner kt-row-has-bg kt-layout-id_0c5b34-af\"><div class=\"kt-row-layout-overlay kt-row-overlay-gradient\"><\/div><div class=\"kt-row-column-wrap kt-has-2-columns kt-gutter-default kt-v-gutter-default kt-row-valign-top kt-row-layout-equal kt-tab-layout-inherit kt-m-colapse-left-to-right kt-mobile-layout-row  kt-custom-first-width-85  kt-custom-second-width-15\"><style>.kadence-column_da1a43-7f > .kt-inside-inner-col{border-top-width:0px;border-right-width:0px;border-bottom-width:0px;border-left-width:0px;}.kadence-column_da1a43-7f > .kt-inside-inner-col,.kadence-column_da1a43-7f > .kt-inside-inner-col:before{border-top-left-radius:0px;border-top-right-radius:0px;border-bottom-right-radius:0px;border-bottom-left-radius:0px;}.kadence-column_da1a43-7f > .kt-inside-inner-col{column-gap:var(--global-kb-gap-sm, 1rem);}.kadence-column_da1a43-7f > .kt-inside-inner-col{flex-direction:column;}.kadence-column_da1a43-7f > .kt-inside-inner-col > .aligncenter{width:100%;}.kadence-column_da1a43-7f > .kt-inside-inner-col:before{opacity:0.3;}.kadence-column_da1a43-7f{position:relative;}@media all and (max-width: 1024px){.kadence-column_da1a43-7f > .kt-inside-inner-col{flex-direction:column;justify-content:center;}}@media all and (max-width: 767px){.kadence-column_da1a43-7f > .kt-inside-inner-col{flex-direction:column;justify-content:center;}}<\/style>\n<div class=\"wp-block-kadence-column inner-column-1 kadence-column_da1a43-7f\"><div class=\"kt-inside-inner-col\"><style>.wp-block-kadence-advancedheading.kt-adv-heading_43ee7d-4a, .wp-block-kadence-advancedheading.kt-adv-heading_43ee7d-4a[data-kb-block=\"kb-adv-heading_43ee7d-4a\"]{margin-bottom:25px;font-size:3.2em;line-height:1.2em;font-weight:normal;font-style:normal;}.wp-block-kadence-advancedheading.kt-adv-heading_43ee7d-4a mark.kt-highlight, .wp-block-kadence-advancedheading.kt-adv-heading_43ee7d-4a[data-kb-block=\"kb-adv-heading_43ee7d-4a\"] mark.kt-highlight{font-weight:normal;font-style:normal;color:var(--global-palette1, #3182CE);-webkit-box-decoration-break:clone;box-decoration-break:clone;padding-top:0px;padding-right:0px;padding-bottom:0px;padding-left:0px;}.wp-block-kadence-advancedheading.kt-adv-heading_43ee7d-4a img.kb-inline-image, .wp-block-kadence-advancedheading.kt-adv-heading_43ee7d-4a[data-kb-block=\"kb-adv-heading_43ee7d-4a\"] img.kb-inline-image{width:150px;vertical-align:baseline;}@media all and (max-width: 767px){.wp-block-kadence-advancedheading.kt-adv-heading_43ee7d-4a, .wp-block-kadence-advancedheading.kt-adv-heading_43ee7d-4a[data-kb-block=\"kb-adv-heading_43ee7d-4a\"]{font-size:2.4em;}}<\/style>\n<h1 class=\"kt-adv-heading_43ee7d-4a wp-block-kadence-advancedheading\" data-kb-block=\"kb-adv-heading_43ee7d-4a\">MATKAAUTOD\/ VAN SEERIA<\/h1>\n\n\n\n<p><\/p>\n\n\n\n<p><\/p>\n<\/div><\/div>\n\n\n<style>.kadence-column_caa000-a1 > .kt-inside-inner-col{border-top-width:0px;border-right-width:0px;border-bottom-width:0px;border-left-width:0px;}.kadence-column_caa000-a1 > .kt-inside-inner-col,.kadence-column_caa000-a1 > .kt-inside-inner-col:before{border-top-left-radius:0px;border-top-right-radius:0px;border-bottom-right-radius:0px;border-bottom-left-radius:0px;}.kadence-column_caa000-a1 > .kt-inside-inner-col{column-gap:var(--global-kb-gap-sm, 1rem);}.kadence-column_caa000-a1 > .kt-inside-inner-col{flex-direction:column;}.kadence-column_caa000-a1 > .kt-inside-inner-col > .aligncenter{width:100%;}.kadence-column_caa000-a1 > .kt-inside-inner-col:before{opacity:0.3;}.kadence-column_caa000-a1{position:relative;}@media all and (max-width: 1024px){.kadence-column_caa000-a1{text-align:left;}}@media all and (max-width: 1024px){.kadence-column_caa000-a1 > .kt-inside-inner-col{flex-direction:column;justify-content:center;}}@media all and (max-width: 767px){.kadence-column_caa000-a1 > .kt-inside-inner-col{flex-direction:column;justify-content:center;}}<\/style>\n<div class=\"wp-block-kadence-column inner-column-2 kadence-column_caa000-a1\"><div class=\"kt-inside-inner-col\"><\/div><\/div>\n<\/div><\/div><\/div>\n\n\n\n<p><\/p>\n\n\n<style>#kt-layout-id_fa171e-d4 > .kt-row-column-wrap{align-content:start;}:where(#kt-layout-id_fa171e-d4 > .kt-row-column-wrap) > .wp-block-kadence-column{justify-content:start;}#kt-layout-id_fa171e-d4 > .kt-row-column-wrap{column-gap:var(--global-kb-gap-md, 2rem);row-gap:var(--global-kb-gap-md, 2rem);max-width:1140px;margin-left:auto;margin-right:auto;padding-top:var( --global-kb-row-default-top, 25px );padding-bottom:var( --global-kb-row-default-bottom, 25px );padding-top:50px;padding-bottom:50px;grid-template-columns:repeat(2, minmax(0, 1fr));}#kt-layout-id_fa171e-d4 > .kt-row-layout-overlay{opacity:0.30;}@media all and (max-width: 1024px){#kt-layout-id_fa171e-d4 > .kt-row-column-wrap{grid-template-columns:repeat(2, minmax(0, 1fr));}}@media all and (max-width: 767px){#kt-layout-id_fa171e-d4 > .kt-row-column-wrap{grid-template-columns:minmax(0, 1fr);}}<\/style>\n<div class=\"wp-block-kadence-rowlayout alignfull\"><div id=\"kt-layout-id_fa171e-d4\" class=\"kt-row-layout-inner kt-row-has-bg kt-layout-id_fa171e-d4 has-white-background-color\"><div class=\"kt-row-column-wrap kt-has-2-columns kt-gutter-default kt-v-gutter-default kt-row-valign-top kt-row-layout-equal kt-tab-layout-inherit kt-m-colapse-left-to-right kt-mobile-layout-row\"><style>.kadence-column_94b8f4-87 > .kt-inside-inner-col{border-top-width:0px;border-right-width:0px;border-bottom-width:0px;border-left-width:0px;}.kadence-column_94b8f4-87 > .kt-inside-inner-col,.kadence-column_94b8f4-87 > .kt-inside-inner-col:before{border-top-left-radius:0px;border-top-right-radius:0px;border-bottom-right-radius:0px;border-bottom-left-radius:0px;}.kadence-column_94b8f4-87 > .kt-inside-inner-col{column-gap:var(--global-kb-gap-sm, 1rem);}.kadence-column_94b8f4-87 > .kt-inside-inner-col{flex-direction:column;}.kadence-column_94b8f4-87 > .kt-inside-inner-col > .aligncenter{width:100%;}.kadence-column_94b8f4-87 > .kt-inside-inner-col:before{opacity:0.3;}.kadence-column_94b8f4-87{position:relative;}@media all and (max-width: 1024px){.kadence-column_94b8f4-87 > .kt-inside-inner-col{flex-direction:column;justify-content:center;}}@media all and (max-width: 767px){.kadence-column_94b8f4-87 > .kt-inside-inner-col{flex-direction:column;justify-content:center;}}<\/style>\n<div class=\"wp-block-kadence-column inner-column-1 kadence-column_94b8f4-87\"><div class=\"kt-inside-inner-col\"><style>.wp-block-kadence-column.kb-section-dir-horizontal > .kt-inside-inner-col > #kt-info-box_7d1da8-89 .kt-blocks-info-box-link-wrap{max-width:unset;}#kt-info-box_7d1da8-89 .kt-blocks-info-box-link-wrap{border-color:#cbcbcb;border-top-width:3px;border-right-width:3px;border-bottom-width:3px;border-left-width:3px;background:#ffffff;padding-top:24px;padding-right:24px;padding-bottom:24px;padding-left:24px;margin-top:50px;}#kt-info-box_7d1da8-89 .kt-blocks-info-box-link-wrap:hover{border-color:#cf2e2e;background:#ffffff;}#kt-info-box_7d1da8-89.wp-block-kadence-infobox{max-width:100%;}#kt-info-box_7d1da8-89 .kadence-info-box-image-inner-intrisic-container{max-width:250px;}#kt-info-box_7d1da8-89 .kadence-info-box-image-inner-intrisic-container .kadence-info-box-image-intrisic{padding-bottom:66.6875%;width:1600px;height:0px;max-width:100%;}#kt-info-box_7d1da8-89 .kadence-info-box-icon-container .kt-info-svg-icon, #kt-info-box_7d1da8-89 .kt-info-svg-icon-flip, #kt-info-box_7d1da8-89 .kt-blocks-info-box-number{font-size:50px;}#kt-info-box_7d1da8-89 .kt-blocks-info-box-media{color:#186faf;background:#ffffff;border-color:#eeeeee;border-top-width:5px;border-right-width:5px;border-bottom-width:5px;border-left-width:5px;padding-top:20px;padding-right:20px;padding-bottom:20px;padding-left:20px;}#kt-info-box_7d1da8-89 .kt-blocks-info-box-media-container{margin-top:-75px;margin-right:0px;margin-bottom:20px;margin-left:0px;}#kt-info-box_7d1da8-89 .kt-blocks-info-box-link-wrap:hover .kt-blocks-info-box-media{color:#186faf;background:#ffffff;border-color:#eeeeee;}#kt-info-box_7d1da8-89 .kt-infobox-textcontent h4.kt-blocks-info-box-title{color:#cf2e2e;font-size:24px;line-height:26px;font-family:Montserrat;font-style:normal;font-weight:700;padding-top:0px;padding-right:0px;padding-bottom:0px;padding-left:0px;margin-top:5px;margin-right:0px;margin-bottom:10px;margin-left:0px;}#kt-info-box_7d1da8-89 .kt-blocks-info-box-link-wrap:hover h4.kt-blocks-info-box-title{color:#cf2e2e;}#kt-info-box_7d1da8-89 .kt-infobox-textcontent .kt-blocks-info-box-text{color:#545e69;}#kt-info-box_7d1da8-89 .kt-blocks-info-box-link-wrap:hover .kt-blocks-info-box-text{color:#545e69;}#kt-info-box_7d1da8-89 .kt-blocks-info-box-learnmore{color:#4a627b;background:#ffffff;border-color:#e4e8ec;font-size:14px;font-family:Montserrat;font-style:normal;font-weight:600;border-width:1px 0px 0px 0px;padding-top:20px;padding-right:8px;padding-bottom:4px;padding-left:8px;margin-top:25px;margin-right:0px;margin-bottom:10px;margin-left:0px;}#kt-info-box_7d1da8-89 .kt-blocks-info-box-link-wrap:hover .kt-blocks-info-box-learnmore,#kt-info-box_7d1da8-89 .kt-blocks-info-box-link-wrap .kt-blocks-info-box-learnmore:focus{color:#4a627b;background:#ffffff;border-color:#e4e8ec;}#kt-info-box_7d1da8-89 .kt-blocks-info-box-link-wrap{box-shadow:0px 0px 1px 0px rgba(0, 0, 0, 0.2);}#kt-info-box_7d1da8-89 .kt-blocks-info-box-link-wrap:hover{box-shadow:0px 0px 14px 0px rgba(0, 0, 0, 0.2);}@media all and (max-width: 1024px){#kt-info-box_7d1da8-89 .kt-blocks-info-box-link-wrap{box-shadow:0px 0px 1px 0px rgba(0, 0, 0, 0.2);}}@media all and (max-width: 1024px){#kt-info-box_7d1da8-89 .kt-blocks-info-box-link-wrap:hover{box-shadow:0px 0px 14px 0px rgba(0, 0, 0, 0.2);}}@media all and (max-width: 767px){#kt-info-box_7d1da8-89 .kt-blocks-info-box-link-wrap{box-shadow:0px 0px 1px 0px rgba(0, 0, 0, 0.2);}#kt-info-box_7d1da8-89 .kt-blocks-info-box-link-wrap:hover{box-shadow:0px 0px 14px 0px rgba(0, 0, 0, 0.2);}}<\/style>\n<div id=\"kt-info-box_7d1da8-89\" class=\"wp-block-kadence-infobox\"><a class=\"kt-blocks-info-box-link-wrap info-box-link kt-blocks-info-box-media-align-top kt-info-halign-left\" href=\"https:\/\/www.lmc-caravan.com\/de\/en\/camper-van\/our-camper-van\"><div class=\"kt-blocks-info-box-media-container\"><div class=\"kt-blocks-info-box-media kt-info-media-animate-none\"><div class=\"kadence-info-box-image-inner-intrisic-container\"><div class=\"kadence-info-box-image-intrisic kt-info-animate-none\"><div class=\"kadence-info-box-image-inner-intrisic\"><img loading=\"lazy\" decoding=\"async\" src=\"http:\/\/www.autocamper.ee\/wp-content\/uploads\/2021\/05\/210503-1145-lmc-innovan-freisteller-vorne.jpg\" alt=\"\" width=\"1600\" height=\"1067\" class=\"kt-info-box-image wp-image-2897\" srcset=\"https:\/\/www.autocamper.ee\/wp-content\/uploads\/2021\/05\/210503-1145-lmc-innovan-freisteller-vorne.jpg 1600w, https:\/\/www.autocamper.ee\/wp-content\/uploads\/2021\/05\/210503-1145-lmc-innovan-freisteller-vorne-300x200.jpg 300w, https:\/\/www.autocamper.ee\/wp-content\/uploads\/2021\/05\/210503-1145-lmc-innovan-freisteller-vorne-1024x683.jpg 1024w, https:\/\/www.autocamper.ee\/wp-content\/uploads\/2021\/05\/210503-1145-lmc-innovan-freisteller-vorne-768x512.jpg 768w, https:\/\/www.autocamper.ee\/wp-content\/uploads\/2021\/05\/210503-1145-lmc-innovan-freisteller-vorne-1536x1024.jpg 1536w, https:\/\/www.autocamper.ee\/wp-content\/uploads\/2021\/05\/210503-1145-lmc-innovan-freisteller-vorne-16x12.jpg 16w\" sizes=\"auto, (max-width: 1600px) 100vw, 1600px\" \/><\/div><\/div><\/div><\/div><\/div><div class=\"kt-infobox-textcontent\"><h4 class=\"kt-blocks-info-box-title\">LMC INNOVAN<\/h4><p class=\"kt-blocks-info-box-text\">Et saaksite igal ajal teele asuda, l\u00fchikesele reisile v\u00f5i puhkusele. LMC k\u00f5ige kompaktsem s\u00f5iduk \u00fchendab d\u00fcnaamika ja sportliku disaini. Innovan on saadaval kolme p\u00f5randapaigutusega ja reisida saab kuni neli inimest.<\/p><div class=\"kt-blocks-info-box-learnmore-wrap\"><span class=\"kt-blocks-info-box-learnmore\">Rohkem infot<\/span><\/div><\/div><\/a><\/div>\n<\/div><\/div>\n\n\n<style>.kadence-column_688131-81 > .kt-inside-inner-col{border-top-width:0px;border-right-width:0px;border-bottom-width:0px;border-left-width:0px;}.kadence-column_688131-81 > .kt-inside-inner-col,.kadence-column_688131-81 > .kt-inside-inner-col:before{border-top-left-radius:0px;border-top-right-radius:0px;border-bottom-right-radius:0px;border-bottom-left-radius:0px;}.kadence-column_688131-81 > .kt-inside-inner-col{column-gap:var(--global-kb-gap-sm, 1rem);}.kadence-column_688131-81 > .kt-inside-inner-col{flex-direction:column;}.kadence-column_688131-81 > .kt-inside-inner-col > .aligncenter{width:100%;}.kadence-column_688131-81 > .kt-inside-inner-col:before{opacity:0.3;}.kadence-column_688131-81{position:relative;}@media all and (max-width: 1024px){.kadence-column_688131-81 > .kt-inside-inner-col{flex-direction:column;justify-content:center;}}@media all and (max-width: 767px){.kadence-column_688131-81 > .kt-inside-inner-col{flex-direction:column;justify-content:center;}}<\/style>\n<div class=\"wp-block-kadence-column inner-column-2 kadence-column_688131-81\"><div class=\"kt-inside-inner-col\"><style>.wp-block-kadence-column.kb-section-dir-horizontal > .kt-inside-inner-col > #kt-info-box_69897a-8c .kt-blocks-info-box-link-wrap{max-width:unset;}#kt-info-box_69897a-8c .kt-blocks-info-box-link-wrap{border-color:#cbcbcb;border-top-width:3px;border-right-width:3px;border-bottom-width:3px;border-left-width:3px;background:#ffffff;padding-top:24px;padding-right:24px;padding-bottom:24px;padding-left:24px;margin-top:50px;}#kt-info-box_69897a-8c .kt-blocks-info-box-link-wrap:hover{border-color:#004999;background:#ffffff;}#kt-info-box_69897a-8c.wp-block-kadence-infobox{max-width:100%;}#kt-info-box_69897a-8c .kadence-info-box-image-inner-intrisic-container{max-width:250px;}#kt-info-box_69897a-8c .kadence-info-box-image-inner-intrisic-container .kadence-info-box-image-intrisic{padding-bottom:66.6667%;width:600px;height:0px;max-width:100%;}#kt-info-box_69897a-8c .kadence-info-box-icon-container .kt-info-svg-icon, #kt-info-box_69897a-8c .kt-info-svg-icon-flip, #kt-info-box_69897a-8c .kt-blocks-info-box-number{font-size:50px;}#kt-info-box_69897a-8c .kt-blocks-info-box-media{color:#f0b429;background:#ffffff;border-color:#eeeeee;border-top-width:5px;border-right-width:5px;border-bottom-width:5px;border-left-width:5px;padding-top:20px;padding-right:20px;padding-bottom:20px;padding-left:20px;}#kt-info-box_69897a-8c .kt-blocks-info-box-media-container{margin-top:-75px;margin-right:0px;margin-bottom:20px;margin-left:0px;}#kt-info-box_69897a-8c .kt-blocks-info-box-link-wrap:hover .kt-blocks-info-box-media{color:#f0b429;background:#ffffff;border-color:#eeeeee;}#kt-info-box_69897a-8c .kt-infobox-textcontent h4.kt-blocks-info-box-title{color:#004999;font-size:24px;line-height:26px;font-family:Montserrat;font-style:normal;font-weight:700;padding-top:0px;padding-right:0px;padding-bottom:0px;padding-left:0px;margin-top:5px;margin-right:0px;margin-bottom:10px;margin-left:0px;}#kt-info-box_69897a-8c .kt-blocks-info-box-link-wrap:hover h4.kt-blocks-info-box-title{color:#004999;}#kt-info-box_69897a-8c .kt-infobox-textcontent .kt-blocks-info-box-text{color:#545e69;}#kt-info-box_69897a-8c .kt-blocks-info-box-link-wrap:hover .kt-blocks-info-box-text{color:#545e69;}#kt-info-box_69897a-8c .kt-blocks-info-box-learnmore{color:#4a627b;background:#ffffff;border-color:#e4e8ec;font-size:14px;font-family:Montserrat;font-style:normal;font-weight:600;border-width:1px 0px 0px 0px;padding-top:20px;padding-right:8px;padding-bottom:4px;padding-left:8px;margin-top:25px;margin-right:0px;margin-bottom:10px;margin-left:0px;}#kt-info-box_69897a-8c .kt-blocks-info-box-link-wrap:hover .kt-blocks-info-box-learnmore,#kt-info-box_69897a-8c .kt-blocks-info-box-link-wrap .kt-blocks-info-box-learnmore:focus{color:#4a627b;background:#ffffff;border-color:#e4e8ec;}#kt-info-box_69897a-8c .kt-blocks-info-box-link-wrap{box-shadow:0px 0px 1px 0px rgba(0, 0, 0, 0.2);}#kt-info-box_69897a-8c .kt-blocks-info-box-link-wrap:hover{box-shadow:0px 0px 14px 0px rgba(0, 0, 0, 0.2);}@media all and (max-width: 1024px){#kt-info-box_69897a-8c .kt-blocks-info-box-link-wrap{box-shadow:0px 0px 1px 0px rgba(0, 0, 0, 0.2);}}@media all and (max-width: 1024px){#kt-info-box_69897a-8c .kt-blocks-info-box-link-wrap:hover{box-shadow:0px 0px 14px 0px rgba(0, 0, 0, 0.2);}}@media all and (max-width: 767px){#kt-info-box_69897a-8c .kt-blocks-info-box-link-wrap{box-shadow:0px 0px 1px 0px rgba(0, 0, 0, 0.2);}#kt-info-box_69897a-8c .kt-blocks-info-box-link-wrap:hover{box-shadow:0px 0px 14px 0px rgba(0, 0, 0, 0.2);}}<\/style>\n<div id=\"kt-info-box_69897a-8c\" class=\"wp-block-kadence-infobox\"><a class=\"kt-blocks-info-box-link-wrap info-box-link kt-blocks-info-box-media-align-top kt-info-halign-left\" href=\"https:\/\/www.rimor.it\/it\/en\/gamma\/horus\"><div class=\"kt-blocks-info-box-media-container\"><div class=\"kt-blocks-info-box-media kt-info-media-animate-none\"><div class=\"kadence-info-box-image-inner-intrisic-container\"><div class=\"kadence-info-box-image-intrisic kt-info-animate-none\"><div class=\"kadence-info-box-image-inner-intrisic\"><img loading=\"lazy\" decoding=\"async\" src=\"http:\/\/www.autocamper.ee\/wp-content\/uploads\/2020\/10\/horus_anteprima_600x400.png\" alt=\"\" width=\"600\" height=\"400\" class=\"kt-info-box-image wp-image-777\" srcset=\"https:\/\/www.autocamper.ee\/wp-content\/uploads\/2020\/10\/horus_anteprima_600x400.png 600w, https:\/\/www.autocamper.ee\/wp-content\/uploads\/2020\/10\/horus_anteprima_600x400-300x200.png 300w\" sizes=\"auto, (max-width: 600px) 100vw, 600px\" \/><\/div><\/div><\/div><\/div><\/div><div class=\"kt-infobox-textcontent\"><h4 class=\"kt-blocks-info-box-title\">RIMOR HORUS<\/h4><p class=\"kt-blocks-info-box-text\">RIMOR Horus \u2013 kompaktne suurus, lihtne k\u00e4sitsemine ja \u00fcllatav siseruum. Saadaval kolmes erinevas konfiguratsioonis: Horus 38, kuni 4 magamiskohta, Horus 45, kuni 6 magamiskohta ja Horus 95 kuni 3 magamiskohta.<\/p><div class=\"kt-blocks-info-box-learnmore-wrap\"><span class=\"kt-blocks-info-box-learnmore\">Rohkem infot<\/span><\/div><\/div><\/a><\/div>\n<\/div><\/div>\n<\/div><\/div><\/div>\n\n\n\n<p><\/p>\n","protected":false},"excerpt":{"rendered":"<p>CAMPER VAN<\/p>","protected":false},"author":1,"featured_media":0,"parent":0,"menu_order":0,"comment_status":"closed","ping_status":"closed","template":"","meta":{"footnotes":""},"class_list":["post-3488","page","type-page","status-publish","hentry"],"_links":{"self":[{"href":"https:\/\/www.autocamper.ee\/en\/wp-json\/wp\/v2\/pages\/3488","targetHints":{"allow":["GET"]}}],"collection":[{"href":"https:\/\/www.autocamper.ee\/en\/wp-json\/wp\/v2\/pages"}],"about":[{"href":"https:\/\/www.autocamper.ee\/en\/wp-json\/wp\/v2\/types\/page"}],"author":[{"embeddable":true,"href":"https:\/\/www.autocamper.ee\/en\/wp-json\/wp\/v2\/users\/1"}],"replies":[{"embeddable":true,"href":"https:\/\/www.autocamper.ee\/en\/wp-json\/wp\/v2\/comments?post=3488"}],"version-history":[{"count":12,"href":"https:\/\/www.autocamper.ee\/en\/wp-json\/wp\/v2\/pages\/3488\/revisions"}],"predecessor-version":[{"id":5293,"href":"https:\/\/www.autocamper.ee\/en\/wp-json\/wp\/v2\/pages\/3488\/revisions\/5293"}],"wp:attachment":[{"href":"https:\/\/www.autocamper.ee\/en\/wp-json\/wp\/v2\/media?parent=3488"}],"curies":[{"name":"wp","href":"https:\/\/api.w.org\/{rel}","templated":true}]}}