{"id":5544,"date":"2026-04-09T11:08:53","date_gmt":"2026-04-09T08:08:53","guid":{"rendered":"https:\/\/www.autocamper.ee\/?page_id=5544"},"modified":"2026-04-09T11:32:36","modified_gmt":"2026-04-09T08:32:36","slug":"saadaval-soidukid","status":"publish","type":"page","link":"https:\/\/www.autocamper.ee\/en\/saadaval-soidukid\/","title":{"rendered":"Saadaval s\u00f5idukid"},"content":{"rendered":"<h1 class=\"wp-block-heading\">SAADAVAL S\u00d5IDUKID<\/h1>\n\n\n<style>.kb-row-layout-id5544_fe75c6-b9 > .kt-row-column-wrap{align-content:start;}:where(.kb-row-layout-id5544_fe75c6-b9 > .kt-row-column-wrap) > .wp-block-kadence-column{justify-content:start;}.kb-row-layout-id5544_fe75c6-b9 > .kt-row-column-wrap{column-gap:var(--global-kb-gap-md, 2rem);row-gap:var(--global-kb-gap-md, 2rem);max-width:1140px;margin-left:auto;margin-right:auto;padding-top:50px;padding-bottom:50px;grid-template-columns:repeat(2, minmax(0, 1fr));}.kb-row-layout-id5544_fe75c6-b9 > .kt-row-layout-overlay{opacity:0.30;}@media all and (max-width: 1024px){.kb-row-layout-id5544_fe75c6-b9 > .kt-row-column-wrap{grid-template-columns:repeat(2, minmax(0, 1fr));}}@media all and (max-width: 767px){.kb-row-layout-id5544_fe75c6-b9 > .kt-row-column-wrap{grid-template-columns:minmax(0, 1fr);}}<\/style><div class=\"kb-row-layout-wrap kb-row-layout-id5544_fe75c6-b9 alignfull has-white-background-color kt-row-has-bg wp-block-kadence-rowlayout\"><div class=\"kt-row-column-wrap kt-has-2-columns kt-row-layout-equal kt-tab-layout-inherit kt-mobile-layout-row kt-row-valign-top\">\n<style>.kadence-column5544_fdce42-ed > .kt-inside-inner-col,.kadence-column5544_fdce42-ed > .kt-inside-inner-col:before{border-top-left-radius:0px;border-top-right-radius:0px;border-bottom-right-radius:0px;border-bottom-left-radius:0px;}.kadence-column5544_fdce42-ed > .kt-inside-inner-col{column-gap:var(--global-kb-gap-sm, 1rem);}.kadence-column5544_fdce42-ed > .kt-inside-inner-col{flex-direction:column;}.kadence-column5544_fdce42-ed > .kt-inside-inner-col > .aligncenter{width:100%;}.kadence-column5544_fdce42-ed > .kt-inside-inner-col:before{opacity:0.3;}.kadence-column5544_fdce42-ed{position:relative;}@media all and (max-width: 1024px){.kadence-column5544_fdce42-ed > .kt-inside-inner-col{flex-direction:column;justify-content:center;}}@media all and (max-width: 767px){.kadence-column5544_fdce42-ed > .kt-inside-inner-col{flex-direction:column;justify-content:center;}}<\/style>\n<div class=\"wp-block-kadence-column kadence-column5544_fdce42-ed inner-column-1\"><div class=\"kt-inside-inner-col\"><style>.wp-block-kadence-column.kb-section-dir-horizontal > .kt-inside-inner-col > .kt-info-box5544_845c10-a3 .kt-blocks-info-box-link-wrap{max-width:unset;}.kt-info-box5544_845c10-a3 .kt-blocks-info-box-link-wrap{border-top:3px solid #cbcbcb;border-right:3px solid #cbcbcb;border-bottom:3px solid #cbcbcb;border-left:3px solid #cbcbcb;border-top-left-radius:0px;border-top-right-radius:0px;border-bottom-right-radius:0px;border-bottom-left-radius:0px;background:#ffffff;padding-top:24px;padding-right:24px;padding-bottom:24px;padding-left:24px;margin-top:50px;}.kt-info-box5544_845c10-a3 .kt-blocks-info-box-link-wrap:hover{background:#ffffff;}.kt-info-box5544_845c10-a3.wp-block-kadence-infobox{max-width:100%;}.kt-info-box5544_845c10-a3 .kadence-info-box-image-inner-intrisic-container{max-width:250px;}.kt-info-box5544_845c10-a3 .kadence-info-box-image-inner-intrisic-container .kadence-info-box-image-intrisic{padding-bottom:34.7266%;width:2560px;height:0px;max-width:100%;}.kt-info-box5544_845c10-a3 .kadence-info-box-icon-container .kt-info-svg-icon, .kt-info-box5544_845c10-a3 .kt-info-svg-icon-flip, .kt-info-box5544_845c10-a3 .kt-blocks-info-box-number{font-size:50px;}.kt-info-box5544_845c10-a3 .kt-blocks-info-box-media{color:#186faf;background:#ffffff;border-color:#eeeeee;border-top-width:5px;border-right-width:5px;border-bottom-width:5px;border-left-width:5px;padding-top:20px;padding-right:20px;padding-bottom:20px;padding-left:20px;}.kt-info-box5544_845c10-a3 .kt-blocks-info-box-media-container{margin-top:-75px;margin-right:0px;margin-bottom:20px;margin-left:0px;}.kt-info-box5544_845c10-a3 .kt-blocks-info-box-link-wrap:hover .kt-blocks-info-box-media{color:#186faf;background:#ffffff;border-color:#eeeeee;}.kt-info-box5544_845c10-a3 .kt-infobox-textcontent h4.kt-blocks-info-box-title{color:#cf2e2e;font-size:24px;line-height:26px;font-family:Montserrat;font-style:normal;font-weight:700;padding-top:0px;padding-right:0px;padding-bottom:0px;padding-left:0px;margin-top:5px;margin-right:0px;margin-bottom:10px;margin-left:0px;}.kt-info-box5544_845c10-a3 .kt-blocks-info-box-link-wrap:hover h4.kt-blocks-info-box-title{color:#cf2e2e;}.kt-info-box5544_845c10-a3 .kt-infobox-textcontent .kt-blocks-info-box-text{color:#545e69;}.kt-info-box5544_845c10-a3 .kt-blocks-info-box-link-wrap:hover .kt-blocks-info-box-text{color:#545e69;}.kt-info-box5544_845c10-a3 .kt-blocks-info-box-learnmore{color:#4a627b;background:#ffffff;border-color:#e4e8ec;font-size:14px;font-family:Montserrat;font-style:normal;font-weight:600;border-width:1px 0px 0px 0px;padding-top:20px;padding-right:8px;padding-bottom:4px;padding-left:8px;margin-top:25px;margin-right:0px;margin-bottom:10px;margin-left:0px;}.kt-info-box5544_845c10-a3 .kt-blocks-info-box-link-wrap:hover .kt-blocks-info-box-learnmore,.kt-info-box5544_845c10-a3 .kt-blocks-info-box-link-wrap .kt-blocks-info-box-learnmore:focus{color:#4a627b;background:#ffffff;border-color:#e4e8ec;}.kt-info-box5544_845c10-a3 .kt-blocks-info-box-link-wrap{box-shadow:0px 0px 1px 0px rgba(0, 0, 0, 0.2);}.kt-info-box5544_845c10-a3 .kt-blocks-info-box-link-wrap:hover{box-shadow:0px 0px 14px 0px rgba(0, 0, 0, 0.2);}@media all and (max-width: 1024px){.kt-info-box5544_845c10-a3 .kt-blocks-info-box-link-wrap{border-top:3px solid #cbcbcb;border-right:3px solid #cbcbcb;border-bottom:3px solid #cbcbcb;border-left:3px solid #cbcbcb;box-shadow:0px 0px 1px 0px rgba(0, 0, 0, 0.2);}}@media all and (max-width: 1024px){.kt-info-box5544_845c10-a3 .kt-blocks-info-box-link-wrap:hover{box-shadow:0px 0px 14px 0px rgba(0, 0, 0, 0.2);}}@media all and (max-width: 767px){.kt-info-box5544_845c10-a3 .kt-blocks-info-box-link-wrap{border-top:3px solid #cbcbcb;border-right:3px solid #cbcbcb;border-bottom:3px solid #cbcbcb;border-left:3px solid #cbcbcb;box-shadow:0px 0px 1px 0px rgba(0, 0, 0, 0.2);}.kt-info-box5544_845c10-a3 .kt-blocks-info-box-link-wrap:hover{box-shadow:0px 0px 14px 0px rgba(0, 0, 0, 0.2);}}<\/style>\n<div class=\"wp-block-kadence-infobox kt-info-box5544_845c10-a3\"><a class=\"kt-blocks-info-box-link-wrap info-box-link kt-blocks-info-box-media-align-top kt-info-halign-left\" target=\"_blank\" rel=\"noopener noreferrer\" href=\"https:\/\/www.autocamper.ee\/en\/lmc-laos-saadaval-soidukid\/\"><div class=\"kt-blocks-info-box-media-container\"><div class=\"kt-blocks-info-box-media kt-info-media-animate-none\"><div class=\"kadence-info-box-image-inner-intrisic-container\"><div class=\"kadence-info-box-image-intrisic kt-info-animate-none\"><div class=\"kadence-info-box-image-inner-intrisic\"><img loading=\"lazy\" decoding=\"async\" src=\"http:\/\/www.autocamper.ee\/wp-content\/uploads\/2026\/04\/LMC_logo-scaled.png\" alt=\"\" width=\"2560\" height=\"889\" class=\"kt-info-box-image wp-image-5538\" srcset=\"https:\/\/www.autocamper.ee\/wp-content\/uploads\/2026\/04\/LMC_logo-scaled.png 2560w, https:\/\/www.autocamper.ee\/wp-content\/uploads\/2026\/04\/LMC_logo-300x104.png 300w, https:\/\/www.autocamper.ee\/wp-content\/uploads\/2026\/04\/LMC_logo-1024x356.png 1024w, https:\/\/www.autocamper.ee\/wp-content\/uploads\/2026\/04\/LMC_logo-768x267.png 768w, https:\/\/www.autocamper.ee\/wp-content\/uploads\/2026\/04\/LMC_logo-1536x534.png 1536w, https:\/\/www.autocamper.ee\/wp-content\/uploads\/2026\/04\/LMC_logo-2048x712.png 2048w, https:\/\/www.autocamper.ee\/wp-content\/uploads\/2026\/04\/LMC_logo-18x6.png 18w\" sizes=\"auto, (max-width: 2560px) 100vw, 2560px\" \/><\/div><\/div><\/div><\/div><\/div><div class=\"kt-infobox-textcontent\"><h4 class=\"kt-blocks-info-box-title\">LMC laos olevad s\u00f5idukid<\/h4><p class=\"kt-blocks-info-box-text\">LMC tehaselaos kohe saadaval olevad s\u00f5idukid.<br><br>S\u00f5idukite saadavus muutub jooksvalt.<br><\/p><div class=\"kt-blocks-info-box-learnmore-wrap\"><span class=\"kt-blocks-info-box-learnmore\">More info<\/span><\/div><\/div><\/a><\/div>\n<\/div><\/div>\n\n\n<style>.kadence-column5544_9fa13a-58 > .kt-inside-inner-col,.kadence-column5544_9fa13a-58 > .kt-inside-inner-col:before{border-top-left-radius:0px;border-top-right-radius:0px;border-bottom-right-radius:0px;border-bottom-left-radius:0px;}.kadence-column5544_9fa13a-58 > .kt-inside-inner-col{column-gap:var(--global-kb-gap-sm, 1rem);}.kadence-column5544_9fa13a-58 > .kt-inside-inner-col{flex-direction:column;}.kadence-column5544_9fa13a-58 > .kt-inside-inner-col > .aligncenter{width:100%;}.kadence-column5544_9fa13a-58 > .kt-inside-inner-col:before{opacity:0.3;}.kadence-column5544_9fa13a-58{position:relative;}@media all and (max-width: 1024px){.kadence-column5544_9fa13a-58 > .kt-inside-inner-col{flex-direction:column;justify-content:center;}}@media all and (max-width: 767px){.kadence-column5544_9fa13a-58 > .kt-inside-inner-col{flex-direction:column;justify-content:center;}}<\/style>\n<div class=\"wp-block-kadence-column kadence-column5544_9fa13a-58 inner-column-2\"><div class=\"kt-inside-inner-col\"><style>.wp-block-kadence-column.kb-section-dir-horizontal > .kt-inside-inner-col > .kt-info-box5544_9ccd2d-b5 .kt-blocks-info-box-link-wrap{max-width:unset;}.kt-info-box5544_9ccd2d-b5 .kt-blocks-info-box-link-wrap{border-top:3px solid #cbcbcb;border-right:3px solid #cbcbcb;border-bottom:3px solid #cbcbcb;border-left:3px solid #cbcbcb;border-top-left-radius:0px;border-top-right-radius:0px;border-bottom-right-radius:0px;border-bottom-left-radius:0px;background:#ffffff;padding-top:24px;padding-right:24px;padding-bottom:24px;padding-left:24px;margin-top:50px;}.kt-info-box5544_9ccd2d-b5 .kt-blocks-info-box-link-wrap:hover{background:#ffffff;}.kt-info-box5544_9ccd2d-b5.wp-block-kadence-infobox{max-width:100%;}.kt-info-box5544_9ccd2d-b5 .kadence-info-box-image-inner-intrisic-container{max-width:250px;}.kt-info-box5544_9ccd2d-b5 .kadence-info-box-image-inner-intrisic-container .kadence-info-box-image-intrisic{padding-bottom:33.9109%;width:404px;height:0px;max-width:100%;}.kt-info-box5544_9ccd2d-b5 .kadence-info-box-icon-container .kt-info-svg-icon, .kt-info-box5544_9ccd2d-b5 .kt-info-svg-icon-flip, .kt-info-box5544_9ccd2d-b5 .kt-blocks-info-box-number{font-size:50px;}.kt-info-box5544_9ccd2d-b5 .kt-blocks-info-box-media{color:#f0b429;background:#ffffff;border-color:#eeeeee;border-top-width:5px;border-right-width:5px;border-bottom-width:5px;border-left-width:5px;padding-top:20px;padding-right:20px;padding-bottom:20px;padding-left:20px;}.kt-info-box5544_9ccd2d-b5 .kt-blocks-info-box-media-container{margin-top:-75px;margin-right:0px;margin-bottom:20px;margin-left:0px;}.kt-info-box5544_9ccd2d-b5 .kt-blocks-info-box-link-wrap:hover .kt-blocks-info-box-media{color:#f0b429;background:#ffffff;border-color:#eeeeee;}.kt-info-box5544_9ccd2d-b5 .kt-infobox-textcontent h4.kt-blocks-info-box-title{color:#cf2e2e;font-size:24px;line-height:26px;font-family:Montserrat;font-style:normal;font-weight:700;padding-top:0px;padding-right:0px;padding-bottom:0px;padding-left:0px;margin-top:5px;margin-right:0px;margin-bottom:10px;margin-left:0px;}.kt-info-box5544_9ccd2d-b5 .kt-blocks-info-box-link-wrap:hover h4.kt-blocks-info-box-title{color:#cf2e2e;}.kt-info-box5544_9ccd2d-b5 .kt-infobox-textcontent .kt-blocks-info-box-text{color:#545e69;}.kt-info-box5544_9ccd2d-b5 .kt-blocks-info-box-link-wrap:hover .kt-blocks-info-box-text{color:#545e69;}.kt-info-box5544_9ccd2d-b5 .kt-blocks-info-box-learnmore{color:#4a627b;background:#ffffff;border-color:#e4e8ec;font-size:14px;font-family:Montserrat;font-style:normal;font-weight:600;border-width:1px 0px 0px 0px;padding-top:20px;padding-right:8px;padding-bottom:4px;padding-left:8px;margin-top:25px;margin-right:0px;margin-bottom:10px;margin-left:0px;}.kt-info-box5544_9ccd2d-b5 .kt-blocks-info-box-link-wrap:hover .kt-blocks-info-box-learnmore,.kt-info-box5544_9ccd2d-b5 .kt-blocks-info-box-link-wrap .kt-blocks-info-box-learnmore:focus{color:#4a627b;background:#ffffff;border-color:#e4e8ec;}.kt-info-box5544_9ccd2d-b5 .kt-blocks-info-box-link-wrap{box-shadow:0px 0px 1px 0px rgba(0, 0, 0, 0.2);}.kt-info-box5544_9ccd2d-b5 .kt-blocks-info-box-link-wrap:hover{box-shadow:0px 0px 14px 0px rgba(0, 0, 0, 0.2);}@media all and (max-width: 1024px){.kt-info-box5544_9ccd2d-b5 .kt-blocks-info-box-link-wrap{border-top:3px solid #cbcbcb;border-right:3px solid #cbcbcb;border-bottom:3px solid #cbcbcb;border-left:3px solid #cbcbcb;box-shadow:0px 0px 1px 0px rgba(0, 0, 0, 0.2);}}@media all and (max-width: 1024px){.kt-info-box5544_9ccd2d-b5 .kt-blocks-info-box-link-wrap:hover{box-shadow:0px 0px 14px 0px rgba(0, 0, 0, 0.2);}}@media all and (max-width: 767px){.kt-info-box5544_9ccd2d-b5 .kt-blocks-info-box-link-wrap{border-top:3px solid #cbcbcb;border-right:3px solid #cbcbcb;border-bottom:3px solid #cbcbcb;border-left:3px solid #cbcbcb;box-shadow:0px 0px 1px 0px rgba(0, 0, 0, 0.2);}.kt-info-box5544_9ccd2d-b5 .kt-blocks-info-box-link-wrap:hover{box-shadow:0px 0px 14px 0px rgba(0, 0, 0, 0.2);}}<\/style>\n<div class=\"wp-block-kadence-infobox kt-info-box5544_9ccd2d-b5\"><a class=\"kt-blocks-info-box-link-wrap info-box-link kt-blocks-info-box-media-align-top kt-info-halign-left\" target=\"_blank\" rel=\"noopener noreferrer\" href=\"https:\/\/www.lmc-caravan.com\/de\/de\/landingpages\/lmc-fahrzeugboerse#map-page~1\"><div class=\"kt-blocks-info-box-media-container\"><div class=\"kt-blocks-info-box-media kt-info-media-animate-none\"><div class=\"kadence-info-box-image-inner-intrisic-container\"><div class=\"kadence-info-box-image-intrisic kt-info-animate-none\"><div class=\"kadence-info-box-image-inner-intrisic\"><img loading=\"lazy\" decoding=\"async\" src=\"http:\/\/www.autocamper.ee\/wp-content\/uploads\/2026\/04\/LMC-.jpg\" alt=\"\" width=\"404\" height=\"137\" class=\"kt-info-box-image wp-image-5554\" srcset=\"https:\/\/www.autocamper.ee\/wp-content\/uploads\/2026\/04\/LMC-.jpg 404w, https:\/\/www.autocamper.ee\/wp-content\/uploads\/2026\/04\/LMC--300x102.jpg 300w, https:\/\/www.autocamper.ee\/wp-content\/uploads\/2026\/04\/LMC--18x6.jpg 18w\" sizes=\"auto, (max-width: 404px) 100vw, 404px\" \/><\/div><\/div><\/div><\/div><\/div><div class=\"kt-infobox-textcontent\"><h4 class=\"kt-blocks-info-box-title\">Saksamaal saadavad LMC s\u00f5idukid<\/h4><p class=\"kt-blocks-info-box-text\">Saksamaal m\u00fc\u00fcgis olevad LMC s\u00f5idukid. <br><br>S\u00f5idukite saadavus muutub jooksvalt.<br><\/p><div class=\"kt-blocks-info-box-learnmore-wrap\"><span class=\"kt-blocks-info-box-learnmore\">More info<\/span><\/div><\/div><\/a><\/div>\n<\/div><\/div>\n\n<\/div><\/div>\n\n\n<p><\/p>","protected":false},"excerpt":{"rendered":"<p>SAADAVAL S\u00d5IDUKID<\/p>","protected":false},"author":1,"featured_media":0,"parent":0,"menu_order":0,"comment_status":"closed","ping_status":"closed","template":"","meta":{"footnotes":""},"class_list":["post-5544","page","type-page","status-publish","hentry"],"_links":{"self":[{"href":"https:\/\/www.autocamper.ee\/en\/wp-json\/wp\/v2\/pages\/5544","targetHints":{"allow":["GET"]}}],"collection":[{"href":"https:\/\/www.autocamper.ee\/en\/wp-json\/wp\/v2\/pages"}],"about":[{"href":"https:\/\/www.autocamper.ee\/en\/wp-json\/wp\/v2\/types\/page"}],"author":[{"embeddable":true,"href":"https:\/\/www.autocamper.ee\/en\/wp-json\/wp\/v2\/users\/1"}],"replies":[{"embeddable":true,"href":"https:\/\/www.autocamper.ee\/en\/wp-json\/wp\/v2\/comments?post=5544"}],"version-history":[{"count":7,"href":"https:\/\/www.autocamper.ee\/en\/wp-json\/wp\/v2\/pages\/5544\/revisions"}],"predecessor-version":[{"id":5562,"href":"https:\/\/www.autocamper.ee\/en\/wp-json\/wp\/v2\/pages\/5544\/revisions\/5562"}],"wp:attachment":[{"href":"https:\/\/www.autocamper.ee\/en\/wp-json\/wp\/v2\/media?parent=5544"}],"curies":[{"name":"wp","href":"https:\/\/api.w.org\/{rel}","templated":true}]}}