{"id":5560,"date":"2026-04-09T11:32:22","date_gmt":"2026-04-09T08:32:22","guid":{"rendered":"https:\/\/www.autocamper.ee\/?page_id=5560"},"modified":"2026-04-09T11:46:19","modified_gmt":"2026-04-09T08:46:19","slug":"lmc-laos-saadaval-soidukid","status":"publish","type":"page","link":"https:\/\/www.autocamper.ee\/en\/lmc-laos-saadaval-soidukid\/","title":{"rendered":"LMC laos saadaval s\u00f5idukid"},"content":{"rendered":"<h1 class=\"wp-block-heading\">LMC laos saadaval s\u00f5idukid<\/h1>\n\n\n\n<p><\/p>\n\n\n\n<h3 class=\"wp-block-heading\">Vans<\/h3>\n\n\n\n<figure class=\"wp-block-table\"><table class=\"has-fixed-layout\"><tbody><tr><td>LMC Innovan 600, 70. aastap\u00e4eva mudel<\/td><td>2025<\/td><td>Fiat<\/td><td>3 tk<\/td><\/tr><tr><td>LMC Innovan Pure 600<\/td><td>2026<\/td><td>Citroen<\/td><td>3 tk<\/td><\/tr><\/tbody><\/table><\/figure>\n\n\n\n<h3 class=\"wp-block-heading\">Motorhomes<\/h3>\n\n\n\n<figure class=\"wp-block-table\"><table class=\"has-fixed-layout\"><tbody><tr><td>LMC Tourer Lift H660 G, 70. aastap\u00e4eva mude<\/td><td>2025<\/td><td>Fiat<\/td><td>2 tk<\/td><\/tr><tr><td>LMC Tourer A690 (Alkoov)<\/td><td>2026<\/td><td>Fiat<\/td><td>2 tk<\/td><\/tr><tr><td>LMC Tracer 690 EL<\/td><td>2026<\/td><td>Fiat<\/td><td>3 tk<\/td><\/tr><tr><td>LMC Tracer 730<\/td><td>2026<\/td><td>Fiat<\/td><td>3 tk<\/td><\/tr><tr><td>LMC Tracer V600<\/td><td>2026<\/td><td>Citroen<\/td><td>2 tk<\/td><\/tr><tr><td>LMC Tracer V670<\/td><td>2026<\/td><td>Citroen<\/td><td>3 tk<\/td><\/tr><\/tbody><\/table><\/figure>\n\n\n\n<p><em>* S\u00f5idukite saadavus muutub jooksvalt.<\/em><\/p>\n\n\n\n<p><\/p>","protected":false},"excerpt":{"rendered":"<p>LMC laos saadaval s\u00f5idukid Matkaautod LMC Innovan 600, 70. aastap\u00e4eva mudel 2025 Fiat 3 tk LMC Innovan Pure 600 2026 Citroen 3 tk Autoelamud LMC Tourer Lift H660 G, 70. aastap\u00e4eva mude 2025 Fiat 2 tk LMC Tourer A690 (Alkoov) 2026 Fiat 2 tk LMC Tracer 690 EL 2026 Fiat 3 tk LMC Tracer 730 [&hellip;]<\/p>\n","protected":false},"author":1,"featured_media":0,"parent":0,"menu_order":0,"comment_status":"closed","ping_status":"closed","template":"","meta":{"footnotes":""},"class_list":["post-5560","page","type-page","status-publish","hentry"],"_links":{"self":[{"href":"https:\/\/www.autocamper.ee\/en\/wp-json\/wp\/v2\/pages\/5560","targetHints":{"allow":["GET"]}}],"collection":[{"href":"https:\/\/www.autocamper.ee\/en\/wp-json\/wp\/v2\/pages"}],"about":[{"href":"https:\/\/www.autocamper.ee\/en\/wp-json\/wp\/v2\/types\/page"}],"author":[{"embeddable":true,"href":"https:\/\/www.autocamper.ee\/en\/wp-json\/wp\/v2\/users\/1"}],"replies":[{"embeddable":true,"href":"https:\/\/www.autocamper.ee\/en\/wp-json\/wp\/v2\/comments?post=5560"}],"version-history":[{"count":13,"href":"https:\/\/www.autocamper.ee\/en\/wp-json\/wp\/v2\/pages\/5560\/revisions"}],"predecessor-version":[{"id":5579,"href":"https:\/\/www.autocamper.ee\/en\/wp-json\/wp\/v2\/pages\/5560\/revisions\/5579"}],"wp:attachment":[{"href":"https:\/\/www.autocamper.ee\/en\/wp-json\/wp\/v2\/media?parent=5560"}],"curies":[{"name":"wp","href":"https:\/\/api.w.org\/{rel}","templated":true}]}}